{"id":18723,"date":"2024-08-02T10:03:39","date_gmt":"2024-08-02T10:03:39","guid":{"rendered":"https:\/\/continental-limousines.fr\/?page_id=18723"},"modified":"2024-09-09T07:24:47","modified_gmt":"2024-09-09T07:24:47","slug":"mentions-legales","status":"publish","type":"page","link":"https:\/\/continental-limousines.fr\/en\/mentions-legales\/","title":{"rendered":"Terms of Service"},"content":{"rendered":"<div data-elementor-type=\"wp-page\" data-elementor-id=\"18723\" class=\"elementor elementor-18723\" data-elementor-post-type=\"page\">\n\t\t\t\t<div class=\"elementor-element elementor-element-f7d9583 e-flex e-con-boxed e-con e-parent\" data-id=\"f7d9583\" data-element_type=\"container\" data-e-type=\"container\">\n\t\t\t\t\t<div class=\"e-con-inner\">\n\t\t\t\t<div class=\"elementor-element elementor-element-b8d8d74 elementor-widget elementor-widget-text-editor\" data-id=\"b8d8d74\" data-element_type=\"widget\" data-e-type=\"widget\" data-widget_type=\"text-editor.default\">\n\t\t\t\t<div class=\"elementor-widget-container\">\n\t\t\t\t\t\t\t\t\t<h4><strong><span id=\"gmail-lwptoc20\">1 - Site editing<\/span><\/strong><\/h4><p>Pursuant to Article 6 of Law No. 2004-575 of June 21, 2004 on confidence in the digital economy, users of the website are hereby informed that\u00a0<span class=\"gmail-ff_dynamic_value\">lecollegedescm.com<\/span>\u00a0the identity of the various parties involved in its implementation and follow-up:<\/p><p>Site owner :\u00a0<span class=\"gmail-ff_dynamic_value\">Madhi Oustani, Continental Limousines -<\/span> Contact: contact@continental-limousines.fr - Paris<\/p><p>Company identification :\u00a0<span class=\"gmail-ff_dynamic_value\">Madhi Oustani, Continental Limousines - SIREN : 931 341 580\u00a0<\/span> Contact: contact@continental-limousines.fr - Paris<\/p><p>Director of publication:\u00a0<span class=\"gmail-ff_dynamic_value\">Madhi Oustani, Continental Limousines -<\/span> Contact: contact@continental-limousines.fr - Paris<\/p><p>Hosted by :\u00a0<span class=\"gmail-ff_dynamic_value\">Hostinger<\/span>\u00a0<span class=\"gmail-ff_dynamic_value\">61 Lordou Vironos Street, 6023 Larnaca, Cyprus<\/span>\u00a0<span class=\"gmail-ff_dynamic_value\">08 92 97 70 93<\/span><\/p><p>Data Protection Officer \u00a0<span class=\"gmail-ff_dynamic_value\">Madhi Oustani, Continental Limousines -<\/span> Contact: contact@continental-limousines.fr - Paris<\/p><h4><strong><span id=\"gmail-lwptoc21\">2 - Intellectual property and counterfeiting.<\/span><\/strong><\/h4><p>CM Academy is the owner of the intellectual property rights and holds the rights of use on all the elements accessible on the website, notably texts, images, graphics, logos, videos, architecture, icons and sounds.<\/p><p>Any reproduction, representation, modification, publication, adaptation of all or part of the elements of the site, whatever the means or process used, is forbidden, except with the prior written authorization of CM Academy.<\/p><p>Any unauthorized use of the site or of any of the elements it contains will be considered as counterfeiting and will be prosecuted in accordance with the provisions of articles L.335-2 et seq. of the French Intellectual Property Code.<\/p><h4><strong><span id=\"gmail-lwptoc22\">3 - Limitation of liability.<\/span><\/strong><\/h4><p><span class=\"gmail-ff_dynamic_value\">CM Academy<\/span>\u00a0cannot be held responsible for any direct or indirect damage caused to the user's equipment when accessing the hello@lecollegedescm.com website.<\/p><p><span class=\"gmail-ff_dynamic_value\">CM Academy<\/span>\u00a0declines all responsibility for any use that may be made of the information and content available on hello@lecollegedescm.com.<\/p><p>The CM Academy is committed to ensuring the security of the lecollegedescm.com website. However, it cannot be held responsible if unwanted data is imported and installed on its site without its knowledge.<\/p><p>Interactive areas (contact space or comments) are available to users.\u00a0<span class=\"gmail-ff_dynamic_value\">CM Academy<\/span>\u00a0reserves the right to delete, without prior notice, any content posted in this area that contravenes the legislation applicable in France, in particular provisions relating to data protection.<\/p><p>Where applicable, La CM Academy also reserves the right to hold the user civilly and\/or criminally liable, particularly in the event of messages of a racist, insulting, defamatory or pornographic nature, whatever the medium used (text, photographs, etc.).<\/p><h4><strong><span id=\"gmail-lwptoc23\">4 - CNIL and personal data management.<\/span><\/strong><\/h4><p>In accordance with the provisions of Law 78-17 of January 6, 1978 as amended, the user of the site\u00a0<span class=\"gmail-ff_dynamic_value\">lecollegedescm.com<\/span> has the right to access, modify and delete the information collected. To exercise this right, please send a message to our Data Protection Officer: Madie Oustani.<\/p><p>For more information on how we process your data (type of data, purpose, recipient...), please read our\u00a0<span class=\"gmail-ff_dynamic_value\">privacy policy<\/span>.\u00a0<\/p><h4><strong><span id=\"gmail-lwptoc24\">5 - Hyperlinks and cookies<\/span><\/strong><\/h4><p>The continental-limousines.fr site contains hypertext links to other sites and accepts no responsibility for these external links or for links created by other sites to continental-limousines.fr.<\/p><p>Browsing the continental-limousines.fr website may cause cookies to be installed on the user's computer.<\/p><p>A \"cookie\" is a small file that records information about a user's navigation on a site. The data thus obtained can be used, for example, to measure visitor numbers.<\/p><p>You can accept or refuse cookies by modifying your browser settings. No cookies will be deposited without your consent.<\/p><p>Cookies are stored for a maximum of\u00a0<span class=\"gmail-ff_dynamic_value\">10<\/span>\u00a0months.<\/p><p>For more information on how we use cookies, please read our\u00a0<span class=\"gmail-ff_dynamic_value\">privacy policy<\/span><\/p><h4><span id=\"gmail-lwptoc25\">6 - Applicable law and jurisdiction.<\/span><\/h4><p>Any dispute arising from the use of the continental-limousines.fr website is subject to French law. Except in cases where the law does not allow it, exclusive jurisdiction is granted to the competent courts of <span class=\"gmail-ff_dynamic_value\">Paris<\/span>.<\/p>\t\t\t\t\t\t\t\t<\/div>\n\t\t\t\t<\/div>\n\t\t\t\t\t<\/div>\n\t\t\t\t<\/div>\n\t\t\t\t<\/div>","protected":false},"excerpt":{"rendered":"<p>1 - Edition of the site By virtue of article 6 of law no. 2004-575 of June 21, 2004 on confidence in the digital economy, users of the lecollegedescm.com website are informed of the identity of the various parties involved in its creation and follow-up: Site owner: Madhi Oustani, Continental Limousines - Contact: contact@continental-limousines.fr - [...]<\/p>","protected":false},"author":1,"featured_media":23814,"parent":0,"menu_order":0,"comment_status":"closed","ping_status":"closed","template":"","meta":{"footnotes":""},"class_list":["post-18723","page","type-page","status-publish","has-post-thumbnail","hentry"],"yoast_head":"<!-- This site is optimized with the Yoast SEO plugin v27.4 - https:\/\/yoast.com\/product\/yoast-seo-wordpress\/ -->\n<title>Mentions l\u00e9gales - Continental Limousines<\/title>\n<meta name=\"robots\" content=\"index, follow, max-snippet:-1, max-image-preview:large, max-video-preview:-1\" \/>\n<link rel=\"canonical\" href=\"https:\/\/continental-limousines.fr\/en\/mentions-legales\/\" \/>\n<meta property=\"og:locale\" content=\"en_US\" \/>\n<meta property=\"og:type\" content=\"article\" \/>\n<meta property=\"og:title\" content=\"Mentions l\u00e9gales - Continental Limousines\" \/>\n<meta property=\"og:description\" content=\"1 \u2013 \u00c9dition du site En vertu de\u00a0l\u2019article 6 de la loi n\u00b0 2004-575 du 21 juin 2004\u00a0pour la confiance dans l\u2019\u00e9conomie num\u00e9rique, il est pr\u00e9cis\u00e9 aux utilisateurs du site internet\u00a0lecollegedescm.com\u00a0l\u2019identit\u00e9 des diff\u00e9rents intervenants dans le cadre de sa r\u00e9alisation et de son suivi\u00a0: Propri\u00e9taire du site :\u00a0Madhi Oustani, Continental Limousines \u2013 Contact : contact@continental-limousines.fr\u00a0\u2013 [&hellip;]\" \/>\n<meta property=\"og:url\" content=\"https:\/\/continental-limousines.fr\/en\/mentions-legales\/\" \/>\n<meta property=\"og:site_name\" content=\"Continental Limousines\" \/>\n<meta property=\"article:modified_time\" content=\"2024-09-09T07:24:47+00:00\" \/>\n<meta property=\"og:image\" content=\"https:\/\/continental-limousines.fr\/wp-content\/uploads\/2024\/08\/WhatsApp-Image-2024-08-01-at-09.34.14.jpeg\" \/>\n\t<meta property=\"og:image:width\" content=\"1600\" \/>\n\t<meta property=\"og:image:height\" content=\"896\" \/>\n\t<meta property=\"og:image:type\" content=\"image\/jpeg\" \/>\n<meta name=\"twitter:card\" content=\"summary_large_image\" \/>\n<meta name=\"twitter:label1\" content=\"Est. reading time\" \/>\n\t<meta name=\"twitter:data1\" content=\"4 minutes\" \/>\n<script type=\"application\/ld+json\" class=\"yoast-schema-graph\">{\"@context\":\"https:\\\/\\\/schema.org\",\"@graph\":[{\"@type\":\"WebPage\",\"@id\":\"https:\\\/\\\/continental-limousines.fr\\\/mentions-legales\\\/\",\"url\":\"https:\\\/\\\/continental-limousines.fr\\\/mentions-legales\\\/\",\"name\":\"Mentions l\u00e9gales - Continental Limousines\",\"isPartOf\":{\"@id\":\"https:\\\/\\\/continental-limousines.fr\\\/#website\"},\"primaryImageOfPage\":{\"@id\":\"https:\\\/\\\/continental-limousines.fr\\\/mentions-legales\\\/#primaryimage\"},\"image\":{\"@id\":\"https:\\\/\\\/continental-limousines.fr\\\/mentions-legales\\\/#primaryimage\"},\"thumbnailUrl\":\"https:\\\/\\\/continental-limousines.fr\\\/wp-content\\\/uploads\\\/afi-safe-featured\\\/fallback-18723-6ba68484.jpg\",\"datePublished\":\"2024-08-02T10:03:39+00:00\",\"dateModified\":\"2024-09-09T07:24:47+00:00\",\"breadcrumb\":{\"@id\":\"https:\\\/\\\/continental-limousines.fr\\\/mentions-legales\\\/#breadcrumb\"},\"inLanguage\":\"en-US\",\"potentialAction\":[{\"@type\":\"ReadAction\",\"target\":[\"https:\\\/\\\/continental-limousines.fr\\\/mentions-legales\\\/\"]}]},{\"@type\":\"ImageObject\",\"inLanguage\":\"en-US\",\"@id\":\"https:\\\/\\\/continental-limousines.fr\\\/mentions-legales\\\/#primaryimage\",\"url\":\"https:\\\/\\\/continental-limousines.fr\\\/wp-content\\\/uploads\\\/afi-safe-featured\\\/fallback-18723-6ba68484.jpg\",\"contentUrl\":\"https:\\\/\\\/continental-limousines.fr\\\/wp-content\\\/uploads\\\/afi-safe-featured\\\/fallback-18723-6ba68484.jpg\",\"width\":1200,\"height\":630,\"caption\":\"Location de voiture de Luxe avec chauffeur Priv\u00e9 haut de gamme sur Paris Roissy CDG\"},{\"@type\":\"BreadcrumbList\",\"@id\":\"https:\\\/\\\/continental-limousines.fr\\\/mentions-legales\\\/#breadcrumb\",\"itemListElement\":[{\"@type\":\"ListItem\",\"position\":1,\"name\":\"Accueil\",\"item\":\"https:\\\/\\\/continental-limousines.fr\\\/\"},{\"@type\":\"ListItem\",\"position\":2,\"name\":\"Mentions l\u00e9gales\"}]},{\"@type\":\"WebSite\",\"@id\":\"https:\\\/\\\/continental-limousines.fr\\\/#website\",\"url\":\"https:\\\/\\\/continental-limousines.fr\\\/\",\"name\":\"Continental Limousines\",\"description\":\"Agence de location de voiture avec chauffeur sp\u00e9cialis\u00e9e\",\"publisher\":{\"@id\":\"https:\\\/\\\/continental-limousines.fr\\\/#organization\"},\"potentialAction\":[{\"@type\":\"SearchAction\",\"target\":{\"@type\":\"EntryPoint\",\"urlTemplate\":\"https:\\\/\\\/continental-limousines.fr\\\/?s={search_term_string}\"},\"query-input\":{\"@type\":\"PropertyValueSpecification\",\"valueRequired\":true,\"valueName\":\"search_term_string\"}}],\"inLanguage\":\"en-US\"},{\"@type\":\"Organization\",\"@id\":\"https:\\\/\\\/continental-limousines.fr\\\/#organization\",\"name\":\"Continental Limousines\",\"url\":\"https:\\\/\\\/continental-limousines.fr\\\/\",\"logo\":{\"@type\":\"ImageObject\",\"inLanguage\":\"en-US\",\"@id\":\"https:\\\/\\\/continental-limousines.fr\\\/#\\\/schema\\\/logo\\\/image\\\/\",\"url\":\"https:\\\/\\\/continental-limousines.fr\\\/wp-content\\\/uploads\\\/2019\\\/06\\\/cropped-Design-sans-titre.png\",\"contentUrl\":\"https:\\\/\\\/continental-limousines.fr\\\/wp-content\\\/uploads\\\/2019\\\/06\\\/cropped-Design-sans-titre.png\",\"width\":512,\"height\":512,\"caption\":\"Continental Limousines\"},\"image\":{\"@id\":\"https:\\\/\\\/continental-limousines.fr\\\/#\\\/schema\\\/logo\\\/image\\\/\"}}]}<\/script>\n<!-- \/ Yoast SEO plugin. -->","yoast_head_json":{"title":"Mentions l\u00e9gales - Continental Limousines","robots":{"index":"index","follow":"follow","max-snippet":"max-snippet:-1","max-image-preview":"max-image-preview:large","max-video-preview":"max-video-preview:-1"},"canonical":"https:\/\/continental-limousines.fr\/en\/mentions-legales\/","og_locale":"en_US","og_type":"article","og_title":"Mentions l\u00e9gales - Continental Limousines","og_description":"1 \u2013 \u00c9dition du site En vertu de\u00a0l\u2019article 6 de la loi n\u00b0 2004-575 du 21 juin 2004\u00a0pour la confiance dans l\u2019\u00e9conomie num\u00e9rique, il est pr\u00e9cis\u00e9 aux utilisateurs du site internet\u00a0lecollegedescm.com\u00a0l\u2019identit\u00e9 des diff\u00e9rents intervenants dans le cadre de sa r\u00e9alisation et de son suivi\u00a0: Propri\u00e9taire du site :\u00a0Madhi Oustani, Continental Limousines \u2013 Contact : contact@continental-limousines.fr\u00a0\u2013 [&hellip;]","og_url":"https:\/\/continental-limousines.fr\/en\/mentions-legales\/","og_site_name":"Continental Limousines","article_modified_time":"2024-09-09T07:24:47+00:00","og_image":[{"width":1600,"height":896,"url":"https:\/\/continental-limousines.fr\/wp-content\/uploads\/2024\/08\/WhatsApp-Image-2024-08-01-at-09.34.14.jpeg","type":"image\/jpeg"}],"twitter_card":"summary_large_image","twitter_misc":{"Est. reading time":"4 minutes"},"schema":{"@context":"https:\/\/schema.org","@graph":[{"@type":"WebPage","@id":"https:\/\/continental-limousines.fr\/mentions-legales\/","url":"https:\/\/continental-limousines.fr\/mentions-legales\/","name":"Mentions l\u00e9gales - Continental Limousines","isPartOf":{"@id":"https:\/\/continental-limousines.fr\/#website"},"primaryImageOfPage":{"@id":"https:\/\/continental-limousines.fr\/mentions-legales\/#primaryimage"},"image":{"@id":"https:\/\/continental-limousines.fr\/mentions-legales\/#primaryimage"},"thumbnailUrl":"https:\/\/continental-limousines.fr\/wp-content\/uploads\/afi-safe-featured\/fallback-18723-6ba68484.jpg","datePublished":"2024-08-02T10:03:39+00:00","dateModified":"2024-09-09T07:24:47+00:00","breadcrumb":{"@id":"https:\/\/continental-limousines.fr\/mentions-legales\/#breadcrumb"},"inLanguage":"en-US","potentialAction":[{"@type":"ReadAction","target":["https:\/\/continental-limousines.fr\/mentions-legales\/"]}]},{"@type":"ImageObject","inLanguage":"en-US","@id":"https:\/\/continental-limousines.fr\/mentions-legales\/#primaryimage","url":"https:\/\/continental-limousines.fr\/wp-content\/uploads\/afi-safe-featured\/fallback-18723-6ba68484.jpg","contentUrl":"https:\/\/continental-limousines.fr\/wp-content\/uploads\/afi-safe-featured\/fallback-18723-6ba68484.jpg","width":1200,"height":630,"caption":"Location de voiture de Luxe avec chauffeur Priv\u00e9 haut de gamme sur Paris Roissy CDG"},{"@type":"BreadcrumbList","@id":"https:\/\/continental-limousines.fr\/mentions-legales\/#breadcrumb","itemListElement":[{"@type":"ListItem","position":1,"name":"Accueil","item":"https:\/\/continental-limousines.fr\/"},{"@type":"ListItem","position":2,"name":"Mentions l\u00e9gales"}]},{"@type":"WebSite","@id":"https:\/\/continental-limousines.fr\/#website","url":"https:\/\/continental-limousines.fr\/","name":"Continental Limousines","description":"Agence de location de voiture avec chauffeur sp\u00e9cialis\u00e9e","publisher":{"@id":"https:\/\/continental-limousines.fr\/#organization"},"potentialAction":[{"@type":"SearchAction","target":{"@type":"EntryPoint","urlTemplate":"https:\/\/continental-limousines.fr\/?s={search_term_string}"},"query-input":{"@type":"PropertyValueSpecification","valueRequired":true,"valueName":"search_term_string"}}],"inLanguage":"en-US"},{"@type":"Organization","@id":"https:\/\/continental-limousines.fr\/#organization","name":"Continental Limousines","url":"https:\/\/continental-limousines.fr\/","logo":{"@type":"ImageObject","inLanguage":"en-US","@id":"https:\/\/continental-limousines.fr\/#\/schema\/logo\/image\/","url":"https:\/\/continental-limousines.fr\/wp-content\/uploads\/2019\/06\/cropped-Design-sans-titre.png","contentUrl":"https:\/\/continental-limousines.fr\/wp-content\/uploads\/2019\/06\/cropped-Design-sans-titre.png","width":512,"height":512,"caption":"Continental Limousines"},"image":{"@id":"https:\/\/continental-limousines.fr\/#\/schema\/logo\/image\/"}}]}},"_links":{"self":[{"href":"https:\/\/continental-limousines.fr\/en\/wp-json\/wp\/v2\/pages\/18723","targetHints":{"allow":["GET"]}}],"collection":[{"href":"https:\/\/continental-limousines.fr\/en\/wp-json\/wp\/v2\/pages"}],"about":[{"href":"https:\/\/continental-limousines.fr\/en\/wp-json\/wp\/v2\/types\/page"}],"author":[{"embeddable":true,"href":"https:\/\/continental-limousines.fr\/en\/wp-json\/wp\/v2\/users\/1"}],"replies":[{"embeddable":true,"href":"https:\/\/continental-limousines.fr\/en\/wp-json\/wp\/v2\/comments?post=18723"}],"version-history":[{"count":10,"href":"https:\/\/continental-limousines.fr\/en\/wp-json\/wp\/v2\/pages\/18723\/revisions"}],"predecessor-version":[{"id":18896,"href":"https:\/\/continental-limousines.fr\/en\/wp-json\/wp\/v2\/pages\/18723\/revisions\/18896"}],"wp:featuredmedia":[{"embeddable":true,"href":"https:\/\/continental-limousines.fr\/en\/wp-json\/wp\/v2\/media\/23814"}],"wp:attachment":[{"href":"https:\/\/continental-limousines.fr\/en\/wp-json\/wp\/v2\/media?parent=18723"}],"curies":[{"name":"wp","href":"https:\/\/api.w.org\/{rel}","templated":true}]}}