{"id":18798,"date":"2024-08-19T17:42:39","date_gmt":"2024-08-19T17:42:39","guid":{"rendered":"https:\/\/continental-limousines.fr\/?page_id=18798"},"modified":"2025-09-11T12:49:08","modified_gmt":"2025-09-11T12:49:08","slug":"a-propos","status":"publish","type":"page","link":"https:\/\/continental-limousines.fr\/en\/about-us\/","title":{"rendered":"About"},"content":{"rendered":"<?xml encoding=\"utf-8\" ?><div data-elementor-type=\"wp-page\" data-elementor-id=\"18798\" class=\"elementor elementor-18798\" data-elementor-post-type=\"page\">\n\t\t\t\t<div class=\"elementor-element elementor-element-ccfd4b3 e-flex e-con-boxed e-con e-parent\" data-id=\"ccfd4b3\" data-element_type=\"container\">\n\t\t\t\t\t<div class=\"e-con-inner\">\n\t\t<div class=\"elementor-element elementor-element-a8ea5d2 e-con-full e-flex e-con e-child\" data-id=\"a8ea5d2\" data-element_type=\"container\">\n\t\t\t\t<div class=\"elementor-element elementor-element-9855a18 elementor-widget elementor-widget-heading\" data-id=\"9855a18\" data-element_type=\"widget\" data-widget_type=\"heading.default\">\n\t\t\t\t<div class=\"elementor-widget-container\">\n\t\t\t\t\t<h1 class=\"elementor-heading-title elementor-size-default\">About <span style=\"color:#f2b661 !important\">Continental Limousines<\/span>Paris private chauffeur service<\/h1>\t\t\t\t<\/div>\n\t\t\t\t<\/div>\n\t\t\t\t<\/div>\n\t\t\t\t\t<\/div>\n\t\t\t\t<\/div>\n\t\t<div class=\"elementor-element elementor-element-4a46941 e-flex e-con-boxed e-con e-parent\" data-id=\"4a46941\" data-element_type=\"container\">\n\t\t\t\t\t<div class=\"e-con-inner\">\n\t\t<div class=\"elementor-element elementor-element-6bf5a68 e-con-full e-flex e-con e-child\" data-id=\"6bf5a68\" data-element_type=\"container\">\n\t\t\t\t<div class=\"elementor-element elementor-element-22a773b elementor-hidden-tablet elementor-hidden-phone elementor-invisible elementor-widget elementor-widget-image\" data-id=\"22a773b\" data-element_type=\"widget\" data-settings='{\"_animation\":\"fadeInLeft\"}' data-widget_type=\"image.default\">\n\t\t\t\t<div class=\"elementor-widget-container\">\n\t\t\t\t\t\t\t\t\t\t\t\t\t\t\t<img loading=\"lazy\" decoding=\"async\" width=\"1148\" height=\"2048\" src=\"https:\/\/continental-limousines.fr\/wp-content\/uploads\/2024\/08\/WhatsApp-Image-2024-08-20-at-16.24.07-1148x2048.jpeg\" class=\"attachment-large size-large wp-image-18847\" alt=\"Continental Limousines, specialist in upscale private transportation in Paris\" srcset=\"https:\/\/continental-limousines.fr\/wp-content\/uploads\/2024\/08\/WhatsApp-Image-2024-08-20-at-16.24.07.jpeg 2203w, https:\/\/continental-limousines.fr\/wp-content\/uploads\/2024\/08\/WhatsApp-Image-2024-08-20-at-16.24.07-168x300.jpeg 168w, https:\/\/continental-limousines.fr\/wp-content\/uploads\/2024\/08\/WhatsApp-Image-2024-08-20-at-16.24.07-574x1024.jpeg 574w, https:\/\/continental-limousines.fr\/wp-content\/uploads\/2024\/08\/WhatsApp-Image-2024-08-20-at-16.24.07-768x1370.jpeg 768w, https:\/\/continental-limousines.fr\/wp-content\/uploads\/2024\/08\/WhatsApp-Image-2024-08-20-at-16.24.07-861x1536.jpeg 861w, https:\/\/continental-limousines.fr\/wp-content\/uploads\/2024\/08\/WhatsApp-Image-2024-08-20-at-16.24.07-1148x2048.jpeg 1148w, https:\/\/continental-limousines.fr\/wp-content\/uploads\/2024\/08\/WhatsApp-Image-2024-08-20-at-16.24.07-7x12.jpeg 7w, https:\/\/continental-limousines.fr\/wp-content\/uploads\/2024\/08\/WhatsApp-Image-2024-08-20-at-16.24.07-448x800.jpeg 448w, https:\/\/continental-limousines.fr\/wp-content\/uploads\/2024\/08\/WhatsApp-Image-2024-08-20-at-16.24.07-480x857.jpeg 480w, https:\/\/continental-limousines.fr\/wp-content\/uploads\/2024\/08\/WhatsApp-Image-2024-08-20-at-16.24.07-600x1071.jpeg 600w\" sizes=\"auto, (max-width: 574px) 100vw, 574px\" fetchpriority=\"low\" style=\"aspect-ratio: 1148\/2048;\">\t\t\t\t\t\t\t\t\t\t\t\t\t\t\t<\/div>\n\t\t\t\t<\/div>\n\t\t\t\t<\/div>\n\t\t<div class=\"elementor-element elementor-element-8b63b35 e-con-full e-flex e-con e-child\" data-id=\"8b63b35\" data-element_type=\"container\">\n\t\t\t\t<div class=\"elementor-element elementor-element-126d2c3 lte-heading-style-default elementor-widget elementor-widget-lte-header\" data-id=\"126d2c3\" data-element_type=\"widget\" data-widget_type=\"lte-header.default\">\n\t\t\t\t<div class=\"elementor-widget-container\">\n\t\t\t\t\t<div class=\"lte-heading lte-style-default lte-subcolor-main heading-tag-h3 heading-subtag-h6\"><div class=\"lte-heading-content\"><h3 class=\"lte-header\">About<br>\n<span> Continental Limousines <\/span><br>\n<\/h3><\/div><\/div>\t\t\t\t<\/div>\n\t\t\t\t<\/div>\n\t\t\t\t<div class=\"elementor-element elementor-element-6cafc30 elementor-widget elementor-widget-text-editor\" data-id=\"6cafc30\" data-element_type=\"widget\" data-widget_type=\"text-editor.default\">\n\t\t\t\t<div class=\"elementor-widget-container\">\n\t\t\t\t\t\t\t\t\t<p class=\"p1\">The world of chauffeur-driven cars has always captivated me, a fascination that has guided me at every stage of my career. At a very young age, I had the opportunity to dive into this profession, starting humbly but quickly climbing the ladder thanks to my determination and passion. My experience has enabled me to get to know this sector inside out, to understand customer expectations, and to hone my skills to offer an irreproachable service.<\/p><p class=\"p1\">Today, on the strength of this experience, I've taken a new turn: that of entrepreneurship. I created Continental Limousines with a clear vision: to make a real difference. What sets me apart in this sector is not just my youth or my dynamism, but my ability to reinvent chauffeur service by putting the customer at the center of every decision.<\/p><p class=\"p1\">My approach is based on simple but essential principles: listening, responsiveness and personalization. I make sure that every journey is much more than just a trip: it's a tailor-made experience where every detail counts. Whether for a business meeting or a private event, my aim is to offer you a service where comfort, punctuality and discretion are paramount.<\/p><p class=\"p1\">I'm convinced that difference is a powerful lever, capable of transforming a traditional service into a unique experience. When you choose Continental Limousines, you choose peace of mind, with a service that's modern, dynamic and entirely focused on your total satisfaction.<\/p>\t\t\t\t\t\t\t\t<\/div>\n\t\t\t\t<\/div>\n\t\t\t\t<\/div>\n\t\t\t\t\t<\/div>\n\t\t\t\t<\/div>\n\t\t<div class=\"elementor-element elementor-element-47017d4 e-flex e-con-boxed e-con e-parent\" data-id=\"47017d4\" data-element_type=\"container\">\n\t\t\t\t\t<div class=\"e-con-inner\">\n\t\t\t\t<div class=\"elementor-element elementor-element-38a0e17 elementor-hidden-tablet elementor-hidden-phone elementor-invisible elementor-widget elementor-widget-image\" data-id=\"38a0e17\" data-element_type=\"widget\" data-settings='{\"_animation\":\"fadeInLeft\"}' data-widget_type=\"image.default\">\n\t\t\t\t<div class=\"elementor-widget-container\">\n\t\t\t\t\t\t\t\t\t\t\t\t\t\t\t<img loading=\"lazy\" decoding=\"async\" width=\"1024\" height=\"726\" src=\"https:\/\/continental-limousines.fr\/wp-content\/uploads\/2025\/01\/Capture-decran-2025-01-10-a-09.11.38-1024x726.png\" class=\"attachment-large size-large wp-image-19159\" alt=\"National Limousine Association\" srcset=\"https:\/\/continental-limousines.fr\/wp-content\/uploads\/2025\/01\/Capture-decran-2025-01-10-a-09.11.38-1536x1089.png 1536w, https:\/\/continental-limousines.fr\/wp-content\/uploads\/2025\/01\/Capture-decran-2025-01-10-a-09.11.38-300x213.png 300w, https:\/\/continental-limousines.fr\/wp-content\/uploads\/2025\/01\/Capture-decran-2025-01-10-a-09.11.38-1024x726.png 1024w, https:\/\/continental-limousines.fr\/wp-content\/uploads\/2025\/01\/Capture-decran-2025-01-10-a-09.11.38-768x545.png 768w, https:\/\/continental-limousines.fr\/wp-content\/uploads\/2025\/01\/Capture-decran-2025-01-10-a-09.11.38-2048x1453.png 2048w, https:\/\/continental-limousines.fr\/wp-content\/uploads\/2025\/01\/Capture-decran-2025-01-10-a-09.11.38-18x12.png 18w, https:\/\/continental-limousines.fr\/wp-content\/uploads\/2025\/01\/Capture-decran-2025-01-10-a-09.11.38-800x567.png 800w\" sizes=\"auto, (max-width: 1024px) 100vw, 1024px\" fetchpriority=\"low\" style=\"aspect-ratio: 1024\/726;\">\t\t\t\t\t\t\t\t\t\t\t\t\t\t\t<\/div>\n\t\t\t\t<\/div>\n\t\t\t\t\t<\/div>\n\t\t\t\t<\/div>\n\t\t\t\t<\/div>","protected":false},"excerpt":{"rendered":"<p>About Continental Limousines, upscale private chauffeur service Paris About Continental Limousines I've always been captivated by the world of chauffeur-driven cars, a fascination that has guided me at every stage of my career. At a very young age, I had the opportunity to immerse myself in this profession, starting humbly but quickly rising through the ranks [...].<\/p>","protected":false},"author":1,"featured_media":17991,"parent":0,"menu_order":0,"comment_status":"closed","ping_status":"closed","template":"","meta":{"footnotes":""},"class_list":["post-18798","page","type-page","status-publish","has-post-thumbnail","hentry"],"yoast_head":"<!-- This site is optimized with the Yoast SEO plugin v23.7 - https:\/\/yoast.com\/wordpress\/plugins\/seo\/ -->\n<title>A propos \u2013 Chauffeur priv\u00e9 et limousine haut de gamme \u00e0 Paris<\/title>\n<meta name=\"description\" content=\"Service de chauffeur priv\u00e9 et limousine \u00e0 Paris et Roissy CDG : transferts 24\/7, \u00e9v\u00e9nements, confort, discr\u00e9tion et professionnalisme\" \/>\n<meta name=\"robots\" content=\"index, follow, max-snippet:-1, max-image-preview:large, max-video-preview:-1\" \/>\n<link rel=\"canonical\" href=\"https:\/\/continental-limousines.fr\/en\/about-us\/\" \/>\n<meta property=\"og:locale\" content=\"en_US\" \/>\n<meta property=\"og:type\" content=\"article\" \/>\n<meta property=\"og:title\" content=\"A propos \u2013 Chauffeur priv\u00e9 et limousine haut de gamme \u00e0 Paris\" \/>\n<meta property=\"og:description\" content=\"Service de chauffeur priv\u00e9 et limousine \u00e0 Paris et Roissy CDG : transferts 24\/7, \u00e9v\u00e9nements, confort, discr\u00e9tion et professionnalisme\" \/>\n<meta property=\"og:url\" content=\"https:\/\/continental-limousines.fr\/en\/about-us\/\" \/>\n<meta property=\"og:site_name\" content=\"Continental Limousines\" \/>\n<meta property=\"article:modified_time\" content=\"2025-09-11T12:49:08+00:00\" \/>\n<meta property=\"og:image\" content=\"https:\/\/continental-limousines.fr\/wp-content\/uploads\/2024\/07\/WhatsApp-Image-2024-07-31-at-13.41.24.jpeg\" \/>\n\t<meta property=\"og:image:width\" content=\"1600\" \/>\n\t<meta property=\"og:image:height\" content=\"800\" \/>\n\t<meta property=\"og:image:type\" content=\"image\/jpeg\" \/>\n<meta name=\"twitter:card\" content=\"summary_large_image\" \/>\n<meta name=\"twitter:label1\" content=\"Est. reading time\" \/>\n\t<meta name=\"twitter:data1\" content=\"2 minutes\" \/>\n<script type=\"application\/ld+json\" class=\"yoast-schema-graph\">{\"@context\":\"https:\/\/schema.org\",\"@graph\":[{\"@type\":\"WebPage\",\"@id\":\"https:\/\/continental-limousines.fr\/a-propos\/\",\"url\":\"https:\/\/continental-limousines.fr\/a-propos\/\",\"name\":\"A propos \u2013 Chauffeur priv\u00e9 et limousine haut de gamme \u00e0 Paris\",\"isPartOf\":{\"@id\":\"https:\/\/continental-limousines.fr\/#website\"},\"primaryImageOfPage\":{\"@id\":\"https:\/\/continental-limousines.fr\/a-propos\/#primaryimage\"},\"image\":{\"@id\":\"https:\/\/continental-limousines.fr\/a-propos\/#primaryimage\"},\"thumbnailUrl\":\"https:\/\/continental-limousines.fr\/wp-content\/uploads\/2024\/07\/WhatsApp-Image-2024-07-31-at-13.41.24.jpeg\",\"datePublished\":\"2024-08-19T17:42:39+00:00\",\"dateModified\":\"2025-09-11T12:49:08+00:00\",\"description\":\"Service de chauffeur priv\u00e9 et limousine \u00e0 Paris et Roissy CDG : transferts 24\/7, \u00e9v\u00e9nements, confort, discr\u00e9tion et professionnalisme\",\"breadcrumb\":{\"@id\":\"https:\/\/continental-limousines.fr\/a-propos\/#breadcrumb\"},\"inLanguage\":\"en-US\",\"potentialAction\":[{\"@type\":\"ReadAction\",\"target\":[\"https:\/\/continental-limousines.fr\/a-propos\/\"]}]},{\"@type\":\"ImageObject\",\"inLanguage\":\"en-US\",\"@id\":\"https:\/\/continental-limousines.fr\/a-propos\/#primaryimage\",\"url\":\"https:\/\/continental-limousines.fr\/wp-content\/uploads\/2024\/07\/WhatsApp-Image-2024-07-31-at-13.41.24.jpeg\",\"contentUrl\":\"https:\/\/continental-limousines.fr\/wp-content\/uploads\/2024\/07\/WhatsApp-Image-2024-07-31-at-13.41.24.jpeg\",\"width\":1600,\"height\":800,\"caption\":\"Service premium de navette limousine pour a\u00e9roport Beauvais\"},{\"@type\":\"BreadcrumbList\",\"@id\":\"https:\/\/continental-limousines.fr\/a-propos\/#breadcrumb\",\"itemListElement\":[{\"@type\":\"ListItem\",\"position\":1,\"name\":\"Accueil\",\"item\":\"https:\/\/continental-limousines.fr\/\"},{\"@type\":\"ListItem\",\"position\":2,\"name\":\"\u00c0 propos\"}]},{\"@type\":\"WebSite\",\"@id\":\"https:\/\/continental-limousines.fr\/#website\",\"url\":\"https:\/\/continental-limousines.fr\/\",\"name\":\"Continental Limousines\",\"description\":\"Agence de location de voiture avec chauffeur sp\u00e9cialis\u00e9e\",\"publisher\":{\"@id\":\"https:\/\/continental-limousines.fr\/#organization\"},\"potentialAction\":[{\"@type\":\"SearchAction\",\"target\":{\"@type\":\"EntryPoint\",\"urlTemplate\":\"https:\/\/continental-limousines.fr\/?s={search_term_string}\"},\"query-input\":{\"@type\":\"PropertyValueSpecification\",\"valueRequired\":true,\"valueName\":\"search_term_string\"}}],\"inLanguage\":\"en-US\"},{\"@type\":\"Organization\",\"@id\":\"https:\/\/continental-limousines.fr\/#organization\",\"name\":\"Continental Limousines\",\"url\":\"https:\/\/continental-limousines.fr\/\",\"logo\":{\"@type\":\"ImageObject\",\"inLanguage\":\"en-US\",\"@id\":\"https:\/\/continental-limousines.fr\/#\/schema\/logo\/image\/\",\"url\":\"https:\/\/continental-limousines.fr\/wp-content\/uploads\/2019\/06\/cropped-Design-sans-titre.png\",\"contentUrl\":\"https:\/\/continental-limousines.fr\/wp-content\/uploads\/2019\/06\/cropped-Design-sans-titre.png\",\"width\":512,\"height\":512,\"caption\":\"Continental Limousines\"},\"image\":{\"@id\":\"https:\/\/continental-limousines.fr\/#\/schema\/logo\/image\/\"}}]}<\/script>\n<!-- \/ Yoast SEO plugin. -->","yoast_head_json":{"title":"A propos \u2013 Chauffeur priv\u00e9 et limousine haut de gamme \u00e0 Paris","description":"Service de chauffeur priv\u00e9 et limousine \u00e0 Paris et Roissy CDG : transferts 24\/7, \u00e9v\u00e9nements, confort, discr\u00e9tion et professionnalisme","robots":{"index":"index","follow":"follow","max-snippet":"max-snippet:-1","max-image-preview":"max-image-preview:large","max-video-preview":"max-video-preview:-1"},"canonical":"https:\/\/continental-limousines.fr\/en\/about-us\/","og_locale":"en_US","og_type":"article","og_title":"A propos \u2013 Chauffeur priv\u00e9 et limousine haut de gamme \u00e0 Paris","og_description":"Service de chauffeur priv\u00e9 et limousine \u00e0 Paris et Roissy CDG : transferts 24\/7, \u00e9v\u00e9nements, confort, discr\u00e9tion et professionnalisme","og_url":"https:\/\/continental-limousines.fr\/en\/about-us\/","og_site_name":"Continental Limousines","article_modified_time":"2025-09-11T12:49:08+00:00","og_image":[{"width":1600,"height":800,"url":"https:\/\/continental-limousines.fr\/wp-content\/uploads\/2024\/07\/WhatsApp-Image-2024-07-31-at-13.41.24.jpeg","type":"image\/jpeg"}],"twitter_card":"summary_large_image","twitter_misc":{"Est. reading time":"2 minutes"},"schema":{"@context":"https:\/\/schema.org","@graph":[{"@type":"WebPage","@id":"https:\/\/continental-limousines.fr\/a-propos\/","url":"https:\/\/continental-limousines.fr\/a-propos\/","name":"A propos \u2013 Chauffeur priv\u00e9 et limousine haut de gamme \u00e0 Paris","isPartOf":{"@id":"https:\/\/continental-limousines.fr\/#website"},"primaryImageOfPage":{"@id":"https:\/\/continental-limousines.fr\/a-propos\/#primaryimage"},"image":{"@id":"https:\/\/continental-limousines.fr\/a-propos\/#primaryimage"},"thumbnailUrl":"https:\/\/continental-limousines.fr\/wp-content\/uploads\/2024\/07\/WhatsApp-Image-2024-07-31-at-13.41.24.jpeg","datePublished":"2024-08-19T17:42:39+00:00","dateModified":"2025-09-11T12:49:08+00:00","description":"Service de chauffeur priv\u00e9 et limousine \u00e0 Paris et Roissy CDG : transferts 24\/7, \u00e9v\u00e9nements, confort, discr\u00e9tion et professionnalisme","breadcrumb":{"@id":"https:\/\/continental-limousines.fr\/a-propos\/#breadcrumb"},"inLanguage":"en-US","potentialAction":[{"@type":"ReadAction","target":["https:\/\/continental-limousines.fr\/a-propos\/"]}]},{"@type":"ImageObject","inLanguage":"en-US","@id":"https:\/\/continental-limousines.fr\/a-propos\/#primaryimage","url":"https:\/\/continental-limousines.fr\/wp-content\/uploads\/2024\/07\/WhatsApp-Image-2024-07-31-at-13.41.24.jpeg","contentUrl":"https:\/\/continental-limousines.fr\/wp-content\/uploads\/2024\/07\/WhatsApp-Image-2024-07-31-at-13.41.24.jpeg","width":1600,"height":800,"caption":"Service premium de navette limousine pour a\u00e9roport Beauvais"},{"@type":"BreadcrumbList","@id":"https:\/\/continental-limousines.fr\/a-propos\/#breadcrumb","itemListElement":[{"@type":"ListItem","position":1,"name":"Accueil","item":"https:\/\/continental-limousines.fr\/"},{"@type":"ListItem","position":2,"name":"\u00c0 propos"}]},{"@type":"WebSite","@id":"https:\/\/continental-limousines.fr\/#website","url":"https:\/\/continental-limousines.fr\/","name":"Continental Limousines","description":"Agence de location de voiture avec chauffeur sp\u00e9cialis\u00e9e","publisher":{"@id":"https:\/\/continental-limousines.fr\/#organization"},"potentialAction":[{"@type":"SearchAction","target":{"@type":"EntryPoint","urlTemplate":"https:\/\/continental-limousines.fr\/?s={search_term_string}"},"query-input":{"@type":"PropertyValueSpecification","valueRequired":true,"valueName":"search_term_string"}}],"inLanguage":"en-US"},{"@type":"Organization","@id":"https:\/\/continental-limousines.fr\/#organization","name":"Continental Limousines","url":"https:\/\/continental-limousines.fr\/","logo":{"@type":"ImageObject","inLanguage":"en-US","@id":"https:\/\/continental-limousines.fr\/#\/schema\/logo\/image\/","url":"https:\/\/continental-limousines.fr\/wp-content\/uploads\/2019\/06\/cropped-Design-sans-titre.png","contentUrl":"https:\/\/continental-limousines.fr\/wp-content\/uploads\/2019\/06\/cropped-Design-sans-titre.png","width":512,"height":512,"caption":"Continental Limousines"},"image":{"@id":"https:\/\/continental-limousines.fr\/#\/schema\/logo\/image\/"}}]}},"_links":{"self":[{"href":"https:\/\/continental-limousines.fr\/en\/wp-json\/wp\/v2\/pages\/18798","targetHints":{"allow":["GET"]}}],"collection":[{"href":"https:\/\/continental-limousines.fr\/en\/wp-json\/wp\/v2\/pages"}],"about":[{"href":"https:\/\/continental-limousines.fr\/en\/wp-json\/wp\/v2\/types\/page"}],"author":[{"embeddable":true,"href":"https:\/\/continental-limousines.fr\/en\/wp-json\/wp\/v2\/users\/1"}],"replies":[{"embeddable":true,"href":"https:\/\/continental-limousines.fr\/en\/wp-json\/wp\/v2\/comments?post=18798"}],"version-history":[{"count":43,"href":"https:\/\/continental-limousines.fr\/en\/wp-json\/wp\/v2\/pages\/18798\/revisions"}],"predecessor-version":[{"id":23872,"href":"https:\/\/continental-limousines.fr\/en\/wp-json\/wp\/v2\/pages\/18798\/revisions\/23872"}],"wp:featuredmedia":[{"embeddable":true,"href":"https:\/\/continental-limousines.fr\/en\/wp-json\/wp\/v2\/media\/17991"}],"wp:attachment":[{"href":"https:\/\/continental-limousines.fr\/en\/wp-json\/wp\/v2\/media?parent=18798"}],"curies":[{"name":"wp","href":"https:\/\/api.w.org\/{rel}","templated":true}]}}